{"id":87,"date":"2017-04-13T17:04:36","date_gmt":"2017-04-13T15:04:36","guid":{"rendered":"http:\/\/cogolu-n.fr\/?page_id=87"},"modified":"2017-06-21T00:07:06","modified_gmt":"2017-06-20T22:07:06","slug":"comp-1","status":"publish","type":"page","link":"https:\/\/daniel-pro.cogolu-n.fr\/?page_id=87","title":{"rendered":"Mes comp\u00e9tences m\u00e9tiers"},"content":{"rendered":"<div class=\"page\" title=\"Page 2\"><\/div>\n<table>\n<tbody>\n<tr>\n<td>Strat\u00e9gie industrielle<\/td>\n<td>\n<ul>\n<li>Strat\u00e9gie d&rsquo;int\u00e9gration verticale<\/li>\n<li>Etudes \u00ab Faire ou Acheter \u00bb<\/li>\n<li>Distribution\u00a0des volumes pr\u00e9visionnels<\/li>\n<li>Ajustement des capacit\u00e9s de\u00a0production<\/li>\n<li>Localisation<\/li>\n<li>Plan industriel strat\u00e9gique et op\u00e9rationnel<\/li>\n<li>Plan d\u2019investissement<\/li>\n<li>Partenariats<\/li>\n<\/ul>\n<\/td>\n<\/tr>\n<tr>\n<td>Achats<\/td>\n<td>\n<ul>\n<li>Sourcing, de la recherche de fournisseurs potentiels jusqu&rsquo;\u00e0 la contractualisation<\/li>\n<li>Relation fournisseurs au cours du cycle de vie<\/li>\n<li>Gestion de la performance op\u00e9rationnelle et de l&rsquo;am\u00e9lioration continue<\/li>\n<li>Gestion des crises (livraisons, qualit\u00e9) et des litiges<\/li>\n<li>Partenariats<\/li>\n<\/ul>\n<\/td>\n<\/tr>\n<tr>\n<td>D\u00e9veloppement des Produits<\/td>\n<td>\n<ul>\n<li>Management technique et humain<\/li>\n<li>Plans de v\u00e9rification, validation et\u00a0homologation<\/li>\n<\/ul>\n<\/td>\n<\/tr>\n<tr>\n<td>Gestion op\u00e9rationnelle des projets<\/td>\n<td>\n<ul>\n<li>D\u00e9veloppement de l&rsquo;\u00e9quipe<\/li>\n<li>Planification<\/li>\n<li>Mitigation des risques<\/li>\n<\/ul>\n<\/td>\n<\/tr>\n<\/tbody>\n<\/table>\n<p><a href=\"https:\/\/daniel-pro.cogolu-n.fr\/\">Retour<\/a><\/p>\n","protected":false},"excerpt":{"rendered":"<p>Strat\u00e9gie industrielle Strat\u00e9gie d&rsquo;int\u00e9gration verticale Etudes \u00ab Faire ou Acheter \u00bb Distribution\u00a0des volumes pr\u00e9visionnels Ajustement des capacit\u00e9s de\u00a0production Localisation Plan industriel strat\u00e9gique et op\u00e9rationnel Plan d\u2019investissement Partenariats Achats Sourcing, de la recherche de fournisseurs potentiels jusqu&rsquo;\u00e0 la contractualisation Relation fournisseurs au cours du cycle de vie Gestion de la performance op\u00e9rationnelle et de l&rsquo;am\u00e9lioration continue &hellip; <\/p>\n<p class=\"link-more\"><a href=\"https:\/\/daniel-pro.cogolu-n.fr\/?page_id=87\" class=\"more-link\">Continuer la lecture<span class=\"screen-reader-text\"> de &laquo;&nbsp;Mes comp\u00e9tences m\u00e9tiers&nbsp;&raquo;<\/span><\/a><\/p>\n","protected":false},"author":1,"featured_media":0,"parent":17,"menu_order":1,"comment_status":"closed","ping_status":"closed","template":"","meta":{"footnotes":""},"class_list":["post-87","page","type-page","status-publish","hentry"],"_links":{"self":[{"href":"https:\/\/daniel-pro.cogolu-n.fr\/index.php?rest_route=\/wp\/v2\/pages\/87","targetHints":{"allow":["GET"]}}],"collection":[{"href":"https:\/\/daniel-pro.cogolu-n.fr\/index.php?rest_route=\/wp\/v2\/pages"}],"about":[{"href":"https:\/\/daniel-pro.cogolu-n.fr\/index.php?rest_route=\/wp\/v2\/types\/page"}],"author":[{"embeddable":true,"href":"https:\/\/daniel-pro.cogolu-n.fr\/index.php?rest_route=\/wp\/v2\/users\/1"}],"replies":[{"embeddable":true,"href":"https:\/\/daniel-pro.cogolu-n.fr\/index.php?rest_route=%2Fwp%2Fv2%2Fcomments&post=87"}],"version-history":[{"count":31,"href":"https:\/\/daniel-pro.cogolu-n.fr\/index.php?rest_route=\/wp\/v2\/pages\/87\/revisions"}],"predecessor-version":[{"id":604,"href":"https:\/\/daniel-pro.cogolu-n.fr\/index.php?rest_route=\/wp\/v2\/pages\/87\/revisions\/604"}],"up":[{"embeddable":true,"href":"https:\/\/daniel-pro.cogolu-n.fr\/index.php?rest_route=\/wp\/v2\/pages\/17"}],"wp:attachment":[{"href":"https:\/\/daniel-pro.cogolu-n.fr\/index.php?rest_route=%2Fwp%2Fv2%2Fmedia&parent=87"}],"curies":[{"name":"wp","href":"https:\/\/api.w.org\/{rel}","templated":true}]}}