{"id":78,"date":"2017-04-13T16:52:22","date_gmt":"2017-04-13T14:52:22","guid":{"rendered":"http:\/\/cogolu-n.fr\/?page_id=78"},"modified":"2017-06-21T00:09:55","modified_gmt":"2017-06-20T22:09:55","slug":"technique","status":"publish","type":"page","link":"https:\/\/daniel-pro.cogolu-n.fr\/?page_id=78","title":{"rendered":"Mon exp\u00e9rience"},"content":{"rendered":"<h3 style=\"text-align: justify;\">Impliqu\u00e9 pendant 15 ans dans la Technique<\/h3>\n<p style=\"text-align: justify;\">Ma carri\u00e8re technique commence aux <a href=\"https:\/\/daniel-pro.cogolu-n.fr\/?page_id=64\">essais et \u00e0 la mise au point de la tenue de route des v\u00e9hicules<\/a>. Je travaille alors avec des grands noms de l&rsquo;industrie comme Michelin et Renault sur le partage de m\u00e9thodologie d\u2019essais ou comme R. Bosch et ZF sur le d\u00e9veloppement de syst\u00e8mes \u00e9lectroniques actifs. Elle se poursuit en <a href=\"https:\/\/daniel-pro.cogolu-n.fr\/?page_id=67\">bureau d\u2019\u00e9tudes ch\u00e2ssis<\/a>, avec des fournisseurs de plus petite taille, pour les composants des suspensions cabine et moteur.<\/p>\n<h3 style=\"text-align: justify;\">10 ans consacr\u00e9s \u00e0 la strat\u00e9gie Business<\/h3>\n<p style=\"text-align: justify;\">Ces 10 derni\u00e8res ann\u00e9es, je travaille \u00e0 la d\u00e9finition de strat\u00e9gies dans l\u2019environnement international du groupe Volvo, aux <a href=\"https:\/\/daniel-pro.cogolu-n.fr\/?page_id=71\">Achats<\/a>, avec le portefeuille global \u00ab\u00a0Essieux et Ponts\u00a0\u00bb de 600 M\u20ac annuel, puis ensuite aux Op\u00e9rations, en charge du <a href=\"https:\/\/daniel-pro.cogolu-n.fr\/?page_id=74\">d\u00e9veloppement industriel <\/a>des moteurs et des boites de vitesses.<\/p>\n","protected":false},"excerpt":{"rendered":"<p>Impliqu\u00e9 pendant 15 ans dans la Technique Ma carri\u00e8re technique commence aux essais et \u00e0 la mise au point de la tenue de route des v\u00e9hicules. Je travaille alors avec des grands noms de l&rsquo;industrie comme Michelin et Renault sur le partage de m\u00e9thodologie d\u2019essais ou comme R. Bosch et ZF sur le d\u00e9veloppement de &hellip; <\/p>\n<p class=\"link-more\"><a href=\"https:\/\/daniel-pro.cogolu-n.fr\/?page_id=78\" class=\"more-link\">Continuer la lecture<span class=\"screen-reader-text\"> de &laquo;&nbsp;Mon exp\u00e9rience&nbsp;&raquo;<\/span><\/a><\/p>\n","protected":false},"author":1,"featured_media":0,"parent":0,"menu_order":4,"comment_status":"closed","ping_status":"closed","template":"","meta":{"footnotes":""},"class_list":["post-78","page","type-page","status-publish","hentry"],"_links":{"self":[{"href":"https:\/\/daniel-pro.cogolu-n.fr\/index.php?rest_route=\/wp\/v2\/pages\/78","targetHints":{"allow":["GET"]}}],"collection":[{"href":"https:\/\/daniel-pro.cogolu-n.fr\/index.php?rest_route=\/wp\/v2\/pages"}],"about":[{"href":"https:\/\/daniel-pro.cogolu-n.fr\/index.php?rest_route=\/wp\/v2\/types\/page"}],"author":[{"embeddable":true,"href":"https:\/\/daniel-pro.cogolu-n.fr\/index.php?rest_route=\/wp\/v2\/users\/1"}],"replies":[{"embeddable":true,"href":"https:\/\/daniel-pro.cogolu-n.fr\/index.php?rest_route=%2Fwp%2Fv2%2Fcomments&post=78"}],"version-history":[{"count":16,"href":"https:\/\/daniel-pro.cogolu-n.fr\/index.php?rest_route=\/wp\/v2\/pages\/78\/revisions"}],"predecessor-version":[{"id":611,"href":"https:\/\/daniel-pro.cogolu-n.fr\/index.php?rest_route=\/wp\/v2\/pages\/78\/revisions\/611"}],"wp:attachment":[{"href":"https:\/\/daniel-pro.cogolu-n.fr\/index.php?rest_route=%2Fwp%2Fv2%2Fmedia&parent=78"}],"curies":[{"name":"wp","href":"https:\/\/api.w.org\/{rel}","templated":true}]}}