{"id":71,"date":"2017-04-13T16:46:18","date_gmt":"2017-04-13T14:46:18","guid":{"rendered":"http:\/\/cogolu-n.fr\/?page_id=71"},"modified":"2017-06-21T08:02:50","modified_gmt":"2017-06-21T06:02:50","slug":"achats","status":"publish","type":"page","link":"https:\/\/daniel-pro.cogolu-n.fr\/?page_id=71","title":{"rendered":"Achats"},"content":{"rendered":"<p style=\"text-align: justify;\">J\u2019int\u00e8gre les Achats Volvo Powertrain en 2007 et deviens \u00ab\u00a0Global Commodity Manager\u00a0\u00bb pour le p\u00e9rim\u00e8tre \u00ab\u00a0Essieux et Ponts\u00a0\u00bb, d&rsquo;un montant annuel de l\u2019ordre de 600 M\u20ac avec des op\u00e9rations en Europe, USA, Br\u00e9sil, Japon, Inde et Chine avec l&rsquo;aide d&rsquo;un r\u00e9seau d&rsquo;une dizaine d&rsquo;acheteurs locaux.<\/p>\n<p style=\"text-align: justify;\">A ce titre, j\u2019ai en charge la gestion de la relation globale avec notre partenaire Meritor en Europe et en Am\u00e9riques.<\/p>\n<p style=\"text-align: justify;\">Je pilote notamment le transfert de responsabilit\u00e9 achats associ\u00e9 \u00e0 un changement de business model sur le p\u00e9rim\u00e8tre \u00ab\u00a0Essieux\u00a0\u00bb et j\u2019en red\u00e9finie la strat\u00e9gie de sourcing, en r\u00e9action \u00e0 une crise\u00a0d\u2019approvisionnement et au ralentissement\u00a0\u00e9conomique de 2008. De nouvelles synergies sont r\u00e9alis\u00e9es avec des composants moteurs, combinant une r\u00e9duction du nombre de fournisseurs, l\u2019augmentation de la dur\u00e9e des contrats cadres et la mise en \u0153uvre de solutions garantissant la continuit\u00e9 de production.<\/p>\n<p style=\"text-align: justify;\">Je n\u00e9gocie un renouvellement de contrat aux USA et supervise les discussions commerciales pour le lancement d\u2019un projet d\u2019une nouvelle famille de ponts en Europe et au Br\u00e9sil. Je b\u00e2tis les sc\u00e9narios alternatifs visant \u00e0 am\u00e9liorer le niveau de comp\u00e9tition en combinant\u00a0le planning produit interne et les offres des fournisseurs.<\/p>\n<p style=\"text-align: justify;\">Je supervise le sourcing pour un nouveau projet de v\u00e9hicule destin\u00e9 aux march\u00e9s \u00e9mergents en Asie (Inde, Chine, Tha\u00eflande). Des fournisseurs locaux sont \u00e9valu\u00e9s, puis s\u00e9lectionn\u00e9s dans le but d\u2019\u00eatre int\u00e9gr\u00e9s \u00e0 moyens termes \u00e0 la base globale. Enfin, de nouvelles r\u00e9f\u00e9rences de structures de co\u00fbts, transposables d\u2019un march\u00e9 \u00e0 un autre, sont \u00e9tablies.<\/p>\n<p><a href=\"https:\/\/daniel-pro.cogolu-n.fr\/?page_id=78\">Retour<\/a><\/p>\n","protected":false},"excerpt":{"rendered":"<p>J\u2019int\u00e8gre les Achats Volvo Powertrain en 2007 et deviens \u00ab\u00a0Global Commodity Manager\u00a0\u00bb pour le p\u00e9rim\u00e8tre \u00ab\u00a0Essieux et Ponts\u00a0\u00bb, d&rsquo;un montant annuel de l\u2019ordre de 600 M\u20ac avec des op\u00e9rations en Europe, USA, Br\u00e9sil, Japon, Inde et Chine avec l&rsquo;aide d&rsquo;un r\u00e9seau d&rsquo;une dizaine d&rsquo;acheteurs locaux. A ce titre, j\u2019ai en charge la gestion de la &hellip; <\/p>\n<p class=\"link-more\"><a href=\"https:\/\/daniel-pro.cogolu-n.fr\/?page_id=71\" class=\"more-link\">Continuer la lecture<span class=\"screen-reader-text\"> de &laquo;&nbsp;Achats&nbsp;&raquo;<\/span><\/a><\/p>\n","protected":false},"author":1,"featured_media":0,"parent":78,"menu_order":3,"comment_status":"closed","ping_status":"closed","template":"","meta":{"footnotes":""},"class_list":["post-71","page","type-page","status-publish","hentry"],"_links":{"self":[{"href":"https:\/\/daniel-pro.cogolu-n.fr\/index.php?rest_route=\/wp\/v2\/pages\/71","targetHints":{"allow":["GET"]}}],"collection":[{"href":"https:\/\/daniel-pro.cogolu-n.fr\/index.php?rest_route=\/wp\/v2\/pages"}],"about":[{"href":"https:\/\/daniel-pro.cogolu-n.fr\/index.php?rest_route=\/wp\/v2\/types\/page"}],"author":[{"embeddable":true,"href":"https:\/\/daniel-pro.cogolu-n.fr\/index.php?rest_route=\/wp\/v2\/users\/1"}],"replies":[{"embeddable":true,"href":"https:\/\/daniel-pro.cogolu-n.fr\/index.php?rest_route=%2Fwp%2Fv2%2Fcomments&post=71"}],"version-history":[{"count":10,"href":"https:\/\/daniel-pro.cogolu-n.fr\/index.php?rest_route=\/wp\/v2\/pages\/71\/revisions"}],"predecessor-version":[{"id":621,"href":"https:\/\/daniel-pro.cogolu-n.fr\/index.php?rest_route=\/wp\/v2\/pages\/71\/revisions\/621"}],"up":[{"embeddable":true,"href":"https:\/\/daniel-pro.cogolu-n.fr\/index.php?rest_route=\/wp\/v2\/pages\/78"}],"wp:attachment":[{"href":"https:\/\/daniel-pro.cogolu-n.fr\/index.php?rest_route=%2Fwp%2Fv2%2Fmedia&parent=71"}],"curies":[{"name":"wp","href":"https:\/\/api.w.org\/{rel}","templated":true}]}}