{"id":67,"date":"2017-04-13T16:45:45","date_gmt":"2017-04-13T14:45:45","guid":{"rendered":"http:\/\/cogolu-n.fr\/?page_id=67"},"modified":"2017-06-21T00:11:20","modified_gmt":"2017-06-20T22:11:20","slug":"bureau-detudes-chassis","status":"publish","type":"page","link":"https:\/\/daniel-pro.cogolu-n.fr\/?page_id=67","title":{"rendered":"Bureau d&rsquo;\u00e9tudes Ch\u00e2ssis"},"content":{"rendered":"<p style=\"text-align: justify;\">Je rejoins en 2001 le bureau d&rsquo;\u00e9tudes Ch\u00e2ssis pour prendre le r\u00f4le de manager de l&rsquo;\u00e9quipe \u00ab\u00a0Conception suspensions et basculement cabine\u00a0\u00bb, ainsi que de l&rsquo;\u00e9quipe transversale projet d\u00e9di\u00e9e.\u00a0En 2004, l&rsquo;\u00e9quipe \u00ab\u00a0Conception suspension moteur\u00a0\u00bb m&rsquo;est \u00e9galement rattach\u00e9e.<\/p>\n<p style=\"text-align: justify;\">Mon r\u00f4le consiste \u00e0 \u00e9tablir le plan de charge de l&rsquo;\u00e9quipe et son budget de fonctionnement pour d\u00e9livrer les projets, d&rsquo;assurer la coh\u00e9rence du plan de d\u00e9veloppement en communiquant avec les \u00e9quipes Achats, Essais et Projets V\u00e9hicules et d&rsquo;animer l&rsquo;\u00e9quipe transversale.<\/p>\n<p style=\"text-align: justify;\">A ce titre, je coordonne et supervise les phases de conceptions et de sp\u00e9cifications, les \u00e9tapes de v\u00e9rifications en interne et chez les fournisseurs, ainsi que le plan de validation global jusqu&rsquo;au lancement s\u00e9rie et aux premiers retours clients.<\/p>\n<p style=\"text-align: justify;\">Je me distingue \u00e9galement par l&rsquo;introduction de la mod\u00e9lisation dynamique muti-corps de la suspension cabine et de son syst\u00e8me de basculement comme une \u00e9tape \u00e0 part enti\u00e8re du processus de d\u00e9veloppement.<\/p>\n<p style=\"text-align: justify;\">De 2002 \u00e0 2006, la totalit\u00e9 de la gamme Renault Trucks est renouvel\u00e9e avec de nouvelles solutions de suspensions cabine et moteur, offrant une meilleure exp\u00e9rience de confort et une\u00a0fiabilit\u00e9 am\u00e9lior\u00e9e.<\/p>\n<p style=\"text-align: justify;\">Suite \u00e0 l&rsquo;acquisition du groupe Renault VI\/Mack par le groupe Volvo, cette p\u00e9riode comprend \u00e9galement le d\u00e9but de la collaboration entre les \u00e9quipes\u00a0de Renault Trucks et de Volvo Trucks.<\/p>\n<p><a href=\"https:\/\/daniel-pro.cogolu-n.fr\/?page_id=78\">Retour<\/a><\/p>\n","protected":false},"excerpt":{"rendered":"<p>Je rejoins en 2001 le bureau d&rsquo;\u00e9tudes Ch\u00e2ssis pour prendre le r\u00f4le de manager de l&rsquo;\u00e9quipe \u00ab\u00a0Conception suspensions et basculement cabine\u00a0\u00bb, ainsi que de l&rsquo;\u00e9quipe transversale projet d\u00e9di\u00e9e.\u00a0En 2004, l&rsquo;\u00e9quipe \u00ab\u00a0Conception suspension moteur\u00a0\u00bb m&rsquo;est \u00e9galement rattach\u00e9e. Mon r\u00f4le consiste \u00e0 \u00e9tablir le plan de charge de l&rsquo;\u00e9quipe et son budget de fonctionnement pour d\u00e9livrer les &hellip; <\/p>\n<p class=\"link-more\"><a href=\"https:\/\/daniel-pro.cogolu-n.fr\/?page_id=67\" class=\"more-link\">Continuer la lecture<span class=\"screen-reader-text\"> de &laquo;&nbsp;Bureau d&rsquo;\u00e9tudes Ch\u00e2ssis&nbsp;&raquo;<\/span><\/a><\/p>\n","protected":false},"author":1,"featured_media":0,"parent":78,"menu_order":2,"comment_status":"closed","ping_status":"closed","template":"","meta":{"footnotes":""},"class_list":["post-67","page","type-page","status-publish","hentry"],"_links":{"self":[{"href":"https:\/\/daniel-pro.cogolu-n.fr\/index.php?rest_route=\/wp\/v2\/pages\/67","targetHints":{"allow":["GET"]}}],"collection":[{"href":"https:\/\/daniel-pro.cogolu-n.fr\/index.php?rest_route=\/wp\/v2\/pages"}],"about":[{"href":"https:\/\/daniel-pro.cogolu-n.fr\/index.php?rest_route=\/wp\/v2\/types\/page"}],"author":[{"embeddable":true,"href":"https:\/\/daniel-pro.cogolu-n.fr\/index.php?rest_route=\/wp\/v2\/users\/1"}],"replies":[{"embeddable":true,"href":"https:\/\/daniel-pro.cogolu-n.fr\/index.php?rest_route=%2Fwp%2Fv2%2Fcomments&post=67"}],"version-history":[{"count":10,"href":"https:\/\/daniel-pro.cogolu-n.fr\/index.php?rest_route=\/wp\/v2\/pages\/67\/revisions"}],"predecessor-version":[{"id":613,"href":"https:\/\/daniel-pro.cogolu-n.fr\/index.php?rest_route=\/wp\/v2\/pages\/67\/revisions\/613"}],"up":[{"embeddable":true,"href":"https:\/\/daniel-pro.cogolu-n.fr\/index.php?rest_route=\/wp\/v2\/pages\/78"}],"wp:attachment":[{"href":"https:\/\/daniel-pro.cogolu-n.fr\/index.php?rest_route=%2Fwp%2Fv2%2Fmedia&parent=67"}],"curies":[{"name":"wp","href":"https:\/\/api.w.org\/{rel}","templated":true}]}}