{"id":441,"date":"2017-06-10T18:09:25","date_gmt":"2017-06-10T16:09:25","guid":{"rendered":"http:\/\/daniel-pro.cogolu-n.fr\/?page_id=441"},"modified":"2017-06-21T00:45:53","modified_gmt":"2017-06-20T22:45:53","slug":"ma-personnalite","status":"publish","type":"page","link":"https:\/\/daniel-pro.cogolu-n.fr\/?page_id=441","title":{"rendered":"Ma personalit\u00e9"},"content":{"rendered":"<p style=\"text-align: justify;\">Ma personnalit\u00e9 a \u00e9t\u00e9 \u00e9valu\u00e9e avec l&rsquo;outil \u00ab\u00a0<a href=\"http:\/\/www.processcommunication.eu\" target=\"_blank\" rel=\"noopener\">PROCESS COMMUNICATION MODEL\u00ae<\/a>\u00a0\u00bb en Octobre 2016.<\/p>\n<p style=\"text-align: justify;\">Mon profil de personnalit\u00e9 est le suivant :<\/p>\n<p>\r\n\t\t<div class=\"progress\">\r\n\t\t\t <div class=\"progress-bar\" role=\"progressbar\" aria-valuenow=\"53\" aria-valuemin=\"0\" aria-valuemax=\"100\"\r\n\t\t\t\tstyle=\"width: 53%; background-color: #CD853F\">\r\n\t\t\t\t<span style=\"color: #fff; font-size:16px; background-color: #CD853F; font-weight: normal\" class=\"sr-only\">53% - R\u00eaveur<\/span>\r\n\t\t\t<\/div>\r\n\t\t<\/div>\r\n\t\r\n\t\t<div class=\"progress\">\r\n\t\t\t <div class=\"progress-bar\" role=\"progressbar\" aria-valuenow=\"68\" aria-valuemin=\"0\" aria-valuemax=\"100\"\r\n\t\t\t\tstyle=\"width: 68%; background-color: #FFFF00\">\r\n\t\t\t\t<span style=\"color: #000; font-size:16px; background-color: #FFFF00; font-weight: normal\" class=\"sr-only\">68% - Rebelle<\/span>\r\n\t\t\t<\/div>\r\n\t\t<\/div>\r\n\t \r\n\t\t<div class=\"progress\">\r\n\t\t\t <div class=\"progress-bar\" role=\"progressbar\" aria-valuenow=\"69\" aria-valuemin=\"0\" aria-valuemax=\"100\"\r\n\t\t\t\tstyle=\"width: 69%; background-color: #FF0000\">\r\n\t\t\t\t<span style=\"color: #fff; font-size:16px; background-color: #FF0000; font-weight: normal\" class=\"sr-only\">69% - Promoteur<\/span>\r\n\t\t\t<\/div>\r\n\t\t<\/div>\r\n\t \r\n\t\t<div class=\"progress\">\r\n\t\t\t <div class=\"progress-bar\" role=\"progressbar\" aria-valuenow=\"83\" aria-valuemin=\"0\" aria-valuemax=\"100\"\r\n\t\t\t\tstyle=\"width: 83%; background-color: #800080 \">\r\n\t\t\t\t<span style=\"color: #fff; font-size:16px; background-color: #800080 ; font-weight: normal\" class=\"sr-only\">83% - Pers\u00e9v\u00e9rant<\/span>\r\n\t\t\t<\/div>\r\n\t\t<\/div>\r\n\t \r\n\t\t<div class=\"progress\">\r\n\t\t\t <div class=\"progress-bar\" role=\"progressbar\" aria-valuenow=\"100\" aria-valuemin=\"0\" aria-valuemax=\"100\"\r\n\t\t\t\tstyle=\"width: 100%; background-color: #FF8C00\">\r\n\t\t\t\t<span style=\"color: #fff; font-size:16px; background-color: #FF8C00; font-weight: normal\" class=\"sr-only\">100% - Empathique<\/span>\r\n\t\t\t<\/div>\r\n\t\t<\/div>\r\n\t\r\n\t\t<div class=\"progress\">\r\n\t\t\t <div class=\"progress-bar\" role=\"progressbar\" aria-valuenow=\"100\" aria-valuemin=\"0\" aria-valuemax=\"100\"\r\n\t\t\t\tstyle=\"width: 100%; background-color: #1E90FF\">\r\n\t\t\t\t<span style=\"color: #fff; font-size:16px; background-color: #1E90FF; font-weight: normal\" class=\"sr-only\">100% - Travaillomane<\/span>\r\n\t\t\t<\/div>\r\n\t\t<\/div>\r\n\t<\/p>\n<p><a href=\"https:\/\/daniel-pro.cogolu-n.fr\/\">Retour<\/a><\/p>\n","protected":false},"excerpt":{"rendered":"<p>Ma personnalit\u00e9 a \u00e9t\u00e9 \u00e9valu\u00e9e avec l&rsquo;outil \u00ab\u00a0PROCESS COMMUNICATION MODEL\u00ae\u00a0\u00bb en Octobre 2016. Mon profil de personnalit\u00e9 est le suivant : Retour<\/p>\n","protected":false},"author":1,"featured_media":0,"parent":17,"menu_order":3,"comment_status":"closed","ping_status":"closed","template":"","meta":{"footnotes":""},"class_list":["post-441","page","type-page","status-publish","hentry"],"_links":{"self":[{"href":"https:\/\/daniel-pro.cogolu-n.fr\/index.php?rest_route=\/wp\/v2\/pages\/441","targetHints":{"allow":["GET"]}}],"collection":[{"href":"https:\/\/daniel-pro.cogolu-n.fr\/index.php?rest_route=\/wp\/v2\/pages"}],"about":[{"href":"https:\/\/daniel-pro.cogolu-n.fr\/index.php?rest_route=\/wp\/v2\/types\/page"}],"author":[{"embeddable":true,"href":"https:\/\/daniel-pro.cogolu-n.fr\/index.php?rest_route=\/wp\/v2\/users\/1"}],"replies":[{"embeddable":true,"href":"https:\/\/daniel-pro.cogolu-n.fr\/index.php?rest_route=%2Fwp%2Fv2%2Fcomments&post=441"}],"version-history":[{"count":28,"href":"https:\/\/daniel-pro.cogolu-n.fr\/index.php?rest_route=\/wp\/v2\/pages\/441\/revisions"}],"predecessor-version":[{"id":620,"href":"https:\/\/daniel-pro.cogolu-n.fr\/index.php?rest_route=\/wp\/v2\/pages\/441\/revisions\/620"}],"up":[{"embeddable":true,"href":"https:\/\/daniel-pro.cogolu-n.fr\/index.php?rest_route=\/wp\/v2\/pages\/17"}],"wp:attachment":[{"href":"https:\/\/daniel-pro.cogolu-n.fr\/index.php?rest_route=%2Fwp%2Fv2%2Fmedia&parent=441"}],"curies":[{"name":"wp","href":"https:\/\/api.w.org\/{rel}","templated":true}]}}