{"id":30,"date":"2017-04-13T11:21:51","date_gmt":"2017-04-13T09:21:51","guid":{"rendered":"http:\/\/cogolu-n.fr\/?page_id=30"},"modified":"2017-06-23T06:06:30","modified_gmt":"2017-06-23T04:06:30","slug":"ma-formation","status":"publish","type":"page","link":"https:\/\/daniel-pro.cogolu-n.fr\/?page_id=30","title":{"rendered":"Ma formation d&rsquo;ing\u00e9nieur \u00e0 l&rsquo;INSA de Lyon"},"content":{"rendered":"<p style=\"text-align: justify;\">Entr\u00e9 en 1986, je suis dipl\u00f4m\u00e9\u00a0du d\u00e9partement G\u00e9nie M\u00e9canique Conception de \u00a0l&rsquo;INSA de Lyon en 1991.<\/p>\n<p style=\"text-align: justify;\">Au cours de mon stage d&rsquo;ing\u00e9nieur de 6 mois, effectu\u00e9 en coop\u00e9ration avec l&rsquo;entreprise Fortech \u00e0 Pamiers dans l&rsquo;Ari\u00e8ge (\u00e0 pr\u00e9sent Airforge), le CEA de Valduc en C\u00f4te d&rsquo;Or et le Laboratoire de M\u00e9canique des Solides de l&rsquo;INSA de Lyon, je d\u00e9veloppe un logiciel de simulation de forgeage.<\/p>\n<p style=\"text-align: justify;\">En 1990, en parall\u00e8le de ma derni\u00e8re ann\u00e9e, j&rsquo;effectue un DEA dont le sujet porte sur la mod\u00e9lisation de l&rsquo;endommagement structurel durant le processus de forgeage.<\/p>\n<p style=\"text-align: justify;\">Puis\u00a0j&rsquo;effectue mon Service National en tant que scientifique du contingent au CEA de Valduc o\u00f9 je poursuis le d\u00e9veloppement du logiciel du simulation de forgeage, en impl\u00e9mentant\u00a0une fonctionnalit\u00e9 de remaillage adaptatif.<\/p>\n<p style=\"text-align: justify;\">Durant cette p\u00e9riode, j&rsquo;ai \u00e9galement le plaisir d&rsquo;assurer des\u00a0cours et travaux dirig\u00e9s au CNAM de Dijon en M\u00e9canique G\u00e9n\u00e9rale.<\/p>\n<p><a href=\"https:\/\/daniel-pro.cogolu-n.fr\/?page_id=61\">Retour<\/a><\/p>\n","protected":false},"excerpt":{"rendered":"<p>Entr\u00e9 en 1986, je suis dipl\u00f4m\u00e9\u00a0du d\u00e9partement G\u00e9nie M\u00e9canique Conception de \u00a0l&rsquo;INSA de Lyon en 1991. Au cours de mon stage d&rsquo;ing\u00e9nieur de 6 mois, effectu\u00e9 en coop\u00e9ration avec l&rsquo;entreprise Fortech \u00e0 Pamiers dans l&rsquo;Ari\u00e8ge (\u00e0 pr\u00e9sent Airforge), le CEA de Valduc en C\u00f4te d&rsquo;Or et le Laboratoire de M\u00e9canique des Solides de l&rsquo;INSA de &hellip; <\/p>\n<p class=\"link-more\"><a href=\"https:\/\/daniel-pro.cogolu-n.fr\/?page_id=30\" class=\"more-link\">Continuer la lecture<span class=\"screen-reader-text\"> de &laquo;&nbsp;Ma formation d&rsquo;ing\u00e9nieur \u00e0 l&rsquo;INSA de Lyon&nbsp;&raquo;<\/span><\/a><\/p>\n","protected":false},"author":1,"featured_media":0,"parent":61,"menu_order":1,"comment_status":"closed","ping_status":"closed","template":"","meta":{"footnotes":""},"class_list":["post-30","page","type-page","status-publish","hentry"],"_links":{"self":[{"href":"https:\/\/daniel-pro.cogolu-n.fr\/index.php?rest_route=\/wp\/v2\/pages\/30","targetHints":{"allow":["GET"]}}],"collection":[{"href":"https:\/\/daniel-pro.cogolu-n.fr\/index.php?rest_route=\/wp\/v2\/pages"}],"about":[{"href":"https:\/\/daniel-pro.cogolu-n.fr\/index.php?rest_route=\/wp\/v2\/types\/page"}],"author":[{"embeddable":true,"href":"https:\/\/daniel-pro.cogolu-n.fr\/index.php?rest_route=\/wp\/v2\/users\/1"}],"replies":[{"embeddable":true,"href":"https:\/\/daniel-pro.cogolu-n.fr\/index.php?rest_route=%2Fwp%2Fv2%2Fcomments&post=30"}],"version-history":[{"count":10,"href":"https:\/\/daniel-pro.cogolu-n.fr\/index.php?rest_route=\/wp\/v2\/pages\/30\/revisions"}],"predecessor-version":[{"id":630,"href":"https:\/\/daniel-pro.cogolu-n.fr\/index.php?rest_route=\/wp\/v2\/pages\/30\/revisions\/630"}],"up":[{"embeddable":true,"href":"https:\/\/daniel-pro.cogolu-n.fr\/index.php?rest_route=\/wp\/v2\/pages\/61"}],"wp:attachment":[{"href":"https:\/\/daniel-pro.cogolu-n.fr\/index.php?rest_route=%2Fwp%2Fv2%2Fmedia&parent=30"}],"curies":[{"name":"wp","href":"https:\/\/api.w.org\/{rel}","templated":true}]}}