{"id":17,"date":"2017-04-13T10:45:47","date_gmt":"2017-04-13T08:45:47","guid":{"rendered":"http:\/\/cogolu-n.fr\/?page_id=17"},"modified":"2021-03-20T19:34:25","modified_gmt":"2021-03-20T18:34:25","slug":"qui-suis-je","status":"publish","type":"page","link":"https:\/\/daniel-pro.cogolu-n.fr\/","title":{"rendered":"Mon Projet"},"content":{"rendered":"<p style=\"text-align: justify;\">Je travaille depuis une trentaine d&rsquo;ann\u00e9e dans l\u2019automobile au sein du groupe Volvo, propri\u00e9taire de Renault Trucks : Une quinzaine d&rsquo;ann\u00e9es dans la Technique (centre d&rsquo;essais, bureau d&rsquo;\u00e9tudes), puis ensuite aux Achats et \u00e0 la Strat\u00e9gie Industrielle.<\/p>\n<p style=\"text-align: justify;\">A pr\u00e9sent, je veux m\u2019investir dans des projets \u00e0 taille humaine fortement li\u00e9s \u00e0 la r\u00e9gion. Je propose mes comp\u00e9tences en d\u00e9finition de strat\u00e9gie \u00e0 des entreprises qui ont des ambitions de croissance (interne ou externe), ou qui font face \u00e0 de nouveaux challenges dans leur organisation industrielle ou achat.<\/p>\n<p style=\"text-align: justify;\">Ma carri\u00e8re dans la Technique a commenc\u00e9 aux essais et \u00e0 la mise au point de la tenue de route des v\u00e9hicules. J\u2019ai travaill\u00e9 avec de grandes entreprises qui font r\u00e9f\u00e9rence dans l&rsquo;industrie comme Michelin et Renault sur le partage de m\u00e9thodologie d\u2019essais ou comme R.Bosch et ZF sur le d\u00e9veloppement de syst\u00e8mes \u00e9lectroniques actifs. Elle s\u2019est poursuivie en bureau d\u2019\u00e9tudes ch\u00e2ssis, avec des entreprises et des fournisseurs de plus petites tailles, pour les composants des suspensions cabine et moteur.<\/p>\n<p style=\"text-align: justify;\">Ensuite, j\u2019ai travaill\u00e9 \u00e0 la d\u00e9finition de strat\u00e9gies dans l\u2019environnement international du groupe Volvo, aux Achats, avec le portefeuille global \u00ab\u00a0Essieux et Ponts\u00a0\u00bb (600 M\u20ac annuel), puis \u00e0 la direction industrielle, en charge des moteurs et des boites de vitesses, et enfin sur le projet de Joint-Venture en Alg\u00e9rie, de la cr\u00e9ation de l&rsquo;entreprise jusqu&rsquo;\u00e0 sa premi\u00e8re ann\u00e9e compl\u00e8te de production.<\/p>\n<p style=\"text-align: justify;\">Cr\u00e9er de la valeur pour les clients en apportant des synergies entre l\u2019entreprise et ses partenaires externes est mon fil rouge. Pour r\u00e9aliser\u00a0mon projet, je m\u2019appuie sur les trois principales forces suivantes\u00a0:<\/p>\n<p style=\"padding-left: 30px; text-align: justify;\">1. Je sais animer le dialogue avec les dirigeants, \u00eatre \u00e0 l\u2019\u00e9coute et composer avec des enjeux sp\u00e9cifiques pour faire \u00e9merger une vision strat\u00e9gique d\u2019ensemble, en prenant en compte les contraintes et les ambigu\u00eft\u00e9s.<\/p>\n<p style=\"padding-left: 30px; text-align: justify;\">2. J\u2019ai acquis une v\u00e9ritable expertise dans les questions d\u2019int\u00e9gration verticale et implantations industrielles. Cela demande \u00e0 \u00eatre logique, organis\u00e9, politique et responsable.<\/p>\n<p style=\"padding-left: 30px; text-align: justify;\">3. J\u2019aime travailler en \u00e9quipe de mani\u00e8re collaborative, d\u00e9velopper les comp\u00e9tences, les savoir-faire et les savoir-\u00eatre avec les coll\u00e8gues, et donner du sens \u00e0 nos actions.<\/p>\n<p>Pour plus de d\u00e9tails sur mes atouts, je vous invite \u00e0 consulter les pages suivantes :<\/p>\n<p style=\"padding-left: 30px; text-align: justify;\">1. <a href=\"https:\/\/daniel-pro.cogolu-n.fr\/?page_id=87\">Mes comp\u00e9tences m\u00e9tiers<\/a>, class\u00e9es selon leurs pratiques dans mes exp\u00e9riences pr\u00e9c\u00e9dentes.<\/p>\n<p style=\"padding-left: 30px; text-align: justify;\">2. <a href=\"https:\/\/daniel-pro.cogolu-n.fr\/?page_id=98\">Mes comp\u00e9tences de leadership<\/a>, \u00e9valu\u00e9es selon le mod\u00e8le LEADERSHIP ARCHITECT\u00ae de Michael M. Lombardo et Robert W. Eichinger.<\/p>\n<p style=\"padding-left: 30px; text-align: justify;\">3. L&rsquo;analyse de mes comportements, \u00e9valu\u00e9e selon le Process Communication Model\u00ae de Taibi Kahler, permettant de quantifier les caract\u00e9ristiques de <a href=\"https:\/\/daniel-pro.cogolu-n.fr\/?page_id=441\">ma personnalit\u00e9<\/a> et ma capacit\u00e9 \u00e0 communiquer avec les autres types de personnalit\u00e9.<\/p>\n<p>Mon CV est \u00e9galement t\u00e9l\u00e9chargeable <a href=\"https:\/\/daniel-pro.cogolu-n.fr\/wp-content\/uploads\/2017\/06\/Daniel-Cogoluenhes-resume-FR.pdf\" target=\"_blank\" rel=\"noopener noreferrer\">ici<\/a>.<\/p>\n","protected":false},"excerpt":{"rendered":"<p>Je travaille depuis une trentaine d&rsquo;ann\u00e9e dans l\u2019automobile au sein du groupe Volvo, propri\u00e9taire de Renault Trucks : Une quinzaine d&rsquo;ann\u00e9es dans la Technique (centre d&rsquo;essais, bureau d&rsquo;\u00e9tudes), puis ensuite aux Achats et \u00e0 la Strat\u00e9gie Industrielle. A pr\u00e9sent, je veux m\u2019investir dans des projets \u00e0 taille humaine fortement li\u00e9s \u00e0 la r\u00e9gion. Je propose &hellip; <\/p>\n<p class=\"link-more\"><a href=\"https:\/\/daniel-pro.cogolu-n.fr\/\" class=\"more-link\">Continuer la lecture<span class=\"screen-reader-text\"> de &laquo;&nbsp;Mon Projet&nbsp;&raquo;<\/span><\/a><\/p>\n","protected":false},"author":1,"featured_media":0,"parent":0,"menu_order":1,"comment_status":"closed","ping_status":"closed","template":"","meta":{"footnotes":""},"class_list":["post-17","page","type-page","status-publish","hentry"],"_links":{"self":[{"href":"https:\/\/daniel-pro.cogolu-n.fr\/index.php?rest_route=\/wp\/v2\/pages\/17","targetHints":{"allow":["GET"]}}],"collection":[{"href":"https:\/\/daniel-pro.cogolu-n.fr\/index.php?rest_route=\/wp\/v2\/pages"}],"about":[{"href":"https:\/\/daniel-pro.cogolu-n.fr\/index.php?rest_route=\/wp\/v2\/types\/page"}],"author":[{"embeddable":true,"href":"https:\/\/daniel-pro.cogolu-n.fr\/index.php?rest_route=\/wp\/v2\/users\/1"}],"replies":[{"embeddable":true,"href":"https:\/\/daniel-pro.cogolu-n.fr\/index.php?rest_route=%2Fwp%2Fv2%2Fcomments&post=17"}],"version-history":[{"count":18,"href":"https:\/\/daniel-pro.cogolu-n.fr\/index.php?rest_route=\/wp\/v2\/pages\/17\/revisions"}],"predecessor-version":[{"id":692,"href":"https:\/\/daniel-pro.cogolu-n.fr\/index.php?rest_route=\/wp\/v2\/pages\/17\/revisions\/692"}],"wp:attachment":[{"href":"https:\/\/daniel-pro.cogolu-n.fr\/index.php?rest_route=%2Fwp%2Fv2%2Fmedia&parent=17"}],"curies":[{"name":"wp","href":"https:\/\/api.w.org\/{rel}","templated":true}]}}